{"id":10,"date":"2024-11-03T11:39:57","date_gmt":"2024-11-03T10:39:57","guid":{"rendered":"http:\/\/www.dali.science\/?page_id=10"},"modified":"2026-03-12T11:32:41","modified_gmt":"2026-03-12T10:32:41","slug":"a-propos-de","status":"publish","type":"page","link":"https:\/\/dali.science\/index.php\/a-propos-de\/","title":{"rendered":"\u00c0 propos de"},"content":{"rendered":"\n<p>La mission de DALI est d&rsquo;accompagner les acteurs des sciences de la vie pour transformer leurs donn\u00e9es en leviers d\u2019action et d\u2019am\u00e9liorations concr\u00e8tes. DALI propose des analyses personnalis\u00e9es, robustes scientifiquement, et utiles pour prendre des d\u00e9cisions. Nos deux expertises sont la ma\u00eetrise des sujets de data science pour les donn\u00e9es de sant\u00e9 et les jumeaux num\u00e9riques pour les syst\u00e8mes de sant\u00e9.<\/p>\n\n\n\n<blockquote class=\"wp-block-quote is-layout-flow wp-block-quote-is-layout-flow\">\n<p class=\"has-text-align-center\">Avec DALI, t<em>ransformez les donn\u00e9es en d\u00e9cisions \u00e9clair\u00e9es<\/em><\/p>\n<\/blockquote>\n\n\n\n<p>DALI est un petit cabinet d&rsquo;ing\u00e9nierie (6-8 personnes) qui a \u00e9t\u00e9 cofond\u00e9 d\u00e9but 2025 par <a href=\"https:\/\/www.linkedin.com\/in\/prodelmartin\/\">Martin Prodel<\/a>, CEO, ing\u00e9nieur data scientist et titulaire d\u2019un doctorat en analyse des donn\u00e9es de sant\u00e9, avec 12 ans d\u2019exp\u00e9rience en entreprise et une expertise reconnue dans l\u2019utilisation du SNDS (ex-Heva) et des m\u00e9thodes d\u2019IA ; et <a href=\"https:\/\/www.linkedin.com\/in\/vincent-augusto-90106387\/\">Vincent Augusto<\/a>, Chief Scientific Officer, enseignant-chercheur \u00e0 <a href=\"https:\/\/www.mines-stetienne.fr\/recherche\/centres-et-departements\/centre-ingenierie-et-sante\/\">Mines Saint-\u00c9tienne<\/a>, titulaire d\u2019un doctorat et d\u2019une HDR, expert en aide \u00e0 la d\u00e9cision et optimisation des processus. Ensemble, ils combinent une solide exp\u00e9rience en ing\u00e9nierie des syst\u00e8mes de sant\u00e9 et en mod\u00e9lisation des processus, avec une capacit\u00e9 \u00e0 transformer des approches scientifiques en solutions concr\u00e8tes et op\u00e9rationnelles : jumeaux num\u00e9riques en sant\u00e9, IA explicable, mod\u00e8le d&rsquo;impact organisationnel, analyses pr\u00e9dictives&#8230;<\/p>\n","protected":false},"excerpt":{"rendered":"<p>La mission de DALI est d&rsquo;accompagner les acteurs des sciences de la vie pour transformer leurs donn\u00e9es en leviers d\u2019action et d\u2019am\u00e9liorations concr\u00e8tes. DALI propose des analyses personnalis\u00e9es, robustes scientifiquement, et utiles pour prendre des d\u00e9cisions. Nos deux expertises sont la ma\u00eetrise des sujets de data science pour les donn\u00e9es de sant\u00e9 et les jumeaux num\u00e9riques pour les syst\u00e8mes de sant\u00e9. Avec DALI, transformez les donn\u00e9es en d\u00e9cisions \u00e9clair\u00e9es DALI est un petit cabinet d&rsquo;ing\u00e9nierie &hellip; <\/p>\n<p class=\"link-more\"><a href=\"https:\/\/dali.science\/index.php\/a-propos-de\/\" class=\"more-link\">Continuer la lecture<span class=\"screen-reader-text\"> de &laquo;&nbsp;\u00c0 propos de&nbsp;&raquo;<\/span><\/a><\/p>\n","protected":false},"author":1,"featured_media":75,"parent":0,"menu_order":0,"comment_status":"closed","ping_status":"closed","template":"","meta":{"footnotes":""},"class_list":["post-10","page","type-page","status-publish","has-post-thumbnail","hentry"],"yoast_head":"<!-- This site is optimized with the Yoast SEO plugin v27.4 - https:\/\/yoast.com\/product\/yoast-seo-wordpress\/ -->\n<title>\u00c0 propos de - (Data Science &amp; Jumeaux Num\u00e9riques en Sant\u00e9)<\/title>\n<meta name=\"description\" content=\"DALI propose des analyses personnalis\u00e9es pour prendre des d\u00e9cisions strat\u00e9giques, tout cela via l&#039;analyse de donn\u00e9es et la mod\u00e9lisation.\" \/>\n<meta name=\"robots\" content=\"index, follow, max-snippet:-1, max-image-preview:large, max-video-preview:-1\" \/>\n<link rel=\"canonical\" href=\"https:\/\/dali.science\/index.php\/a-propos-de\/\" \/>\n<meta property=\"og:locale\" content=\"fr_FR\" \/>\n<meta property=\"og:type\" content=\"article\" \/>\n<meta property=\"og:title\" content=\"\u00c0 propos de - (Data Science &amp; Jumeaux Num\u00e9riques en Sant\u00e9)\" \/>\n<meta property=\"og:description\" content=\"DALI propose des analyses personnalis\u00e9es pour prendre des d\u00e9cisions strat\u00e9giques, tout cela via l&#039;analyse de donn\u00e9es et la mod\u00e9lisation.\" \/>\n<meta property=\"og:url\" content=\"https:\/\/dali.science\/index.php\/a-propos-de\/\" \/>\n<meta property=\"article:modified_time\" content=\"2026-03-12T10:32:41+00:00\" \/>\n<meta property=\"og:image\" content=\"https:\/\/dali.science\/wp-content\/uploads\/2025\/05\/pexels-goumbik-669610-scaled.jpg\" \/>\n\t<meta property=\"og:image:width\" content=\"2560\" \/>\n\t<meta property=\"og:image:height\" content=\"1696\" \/>\n\t<meta property=\"og:image:type\" content=\"image\/jpeg\" \/>\n<meta name=\"twitter:card\" content=\"summary_large_image\" \/>\n<meta name=\"twitter:label1\" content=\"Dur\u00e9e de lecture estim\u00e9e\" \/>\n\t<meta name=\"twitter:data1\" content=\"2 minutes\" \/>\n<script type=\"application\/ld+json\" class=\"yoast-schema-graph\">{\"@context\":\"https:\\\/\\\/schema.org\",\"@graph\":[{\"@type\":\"WebPage\",\"@id\":\"https:\\\/\\\/dali.science\\\/index.php\\\/a-propos-de\\\/\",\"url\":\"https:\\\/\\\/dali.science\\\/index.php\\\/a-propos-de\\\/\",\"name\":\"\u00c0 propos de - (Data Science & Jumeaux Num\u00e9riques en Sant\u00e9)\",\"isPartOf\":{\"@id\":\"https:\\\/\\\/dali.science\\\/#website\"},\"primaryImageOfPage\":{\"@id\":\"https:\\\/\\\/dali.science\\\/index.php\\\/a-propos-de\\\/#primaryimage\"},\"image\":{\"@id\":\"https:\\\/\\\/dali.science\\\/index.php\\\/a-propos-de\\\/#primaryimage\"},\"thumbnailUrl\":\"https:\\\/\\\/dali.science\\\/wp-content\\\/uploads\\\/2025\\\/05\\\/pexels-goumbik-669610-scaled.jpg\",\"datePublished\":\"2024-11-03T10:39:57+00:00\",\"dateModified\":\"2026-03-12T10:32:41+00:00\",\"description\":\"DALI propose des analyses personnalis\u00e9es pour prendre des d\u00e9cisions strat\u00e9giques, tout cela via l'analyse de donn\u00e9es et la mod\u00e9lisation.\",\"breadcrumb\":{\"@id\":\"https:\\\/\\\/dali.science\\\/index.php\\\/a-propos-de\\\/#breadcrumb\"},\"inLanguage\":\"fr-FR\",\"potentialAction\":[{\"@type\":\"ReadAction\",\"target\":[\"https:\\\/\\\/dali.science\\\/index.php\\\/a-propos-de\\\/\"]}]},{\"@type\":\"ImageObject\",\"inLanguage\":\"fr-FR\",\"@id\":\"https:\\\/\\\/dali.science\\\/index.php\\\/a-propos-de\\\/#primaryimage\",\"url\":\"https:\\\/\\\/dali.science\\\/wp-content\\\/uploads\\\/2025\\\/05\\\/pexels-goumbik-669610-scaled.jpg\",\"contentUrl\":\"https:\\\/\\\/dali.science\\\/wp-content\\\/uploads\\\/2025\\\/05\\\/pexels-goumbik-669610-scaled.jpg\",\"width\":2560,\"height\":1696},{\"@type\":\"BreadcrumbList\",\"@id\":\"https:\\\/\\\/dali.science\\\/index.php\\\/a-propos-de\\\/#breadcrumb\",\"itemListElement\":[{\"@type\":\"ListItem\",\"position\":1,\"name\":\"Accueil\",\"item\":\"https:\\\/\\\/dali.science\\\/\"},{\"@type\":\"ListItem\",\"position\":2,\"name\":\"\u00c0 propos de\"}]},{\"@type\":\"WebSite\",\"@id\":\"https:\\\/\\\/dali.science\\\/#website\",\"url\":\"https:\\\/\\\/dali.science\\\/\",\"name\":\"dali.science\",\"description\":\"Transformer les donn\u00e9es en d\u00e9cisions \u00e9clair\u00e9es\",\"publisher\":{\"@id\":\"https:\\\/\\\/dali.science\\\/#organization\"},\"potentialAction\":[{\"@type\":\"SearchAction\",\"target\":{\"@type\":\"EntryPoint\",\"urlTemplate\":\"https:\\\/\\\/dali.science\\\/?s={search_term_string}\"},\"query-input\":{\"@type\":\"PropertyValueSpecification\",\"valueRequired\":true,\"valueName\":\"search_term_string\"}}],\"inLanguage\":\"fr-FR\"},{\"@type\":\"Organization\",\"@id\":\"https:\\\/\\\/dali.science\\\/#organization\",\"name\":\"DALI\",\"url\":\"https:\\\/\\\/dali.science\\\/\",\"logo\":{\"@type\":\"ImageObject\",\"inLanguage\":\"fr-FR\",\"@id\":\"https:\\\/\\\/dali.science\\\/#\\\/schema\\\/logo\\\/image\\\/\",\"url\":\"https:\\\/\\\/dali.science\\\/wp-content\\\/uploads\\\/2025\\\/05\\\/logo-avec-slogan.png\",\"contentUrl\":\"https:\\\/\\\/dali.science\\\/wp-content\\\/uploads\\\/2025\\\/05\\\/logo-avec-slogan.png\",\"width\":1299,\"height\":475,\"caption\":\"DALI\"},\"image\":{\"@id\":\"https:\\\/\\\/dali.science\\\/#\\\/schema\\\/logo\\\/image\\\/\"},\"sameAs\":[\"https:\\\/\\\/www.linkedin.com\\\/company\\\/dali-science\"]}]}<\/script>\n<!-- \/ Yoast SEO plugin. -->","yoast_head_json":{"title":"\u00c0 propos de - (Data Science & Jumeaux Num\u00e9riques en Sant\u00e9)","description":"DALI propose des analyses personnalis\u00e9es pour prendre des d\u00e9cisions strat\u00e9giques, tout cela via l'analyse de donn\u00e9es et la mod\u00e9lisation.","robots":{"index":"index","follow":"follow","max-snippet":"max-snippet:-1","max-image-preview":"max-image-preview:large","max-video-preview":"max-video-preview:-1"},"canonical":"https:\/\/dali.science\/index.php\/a-propos-de\/","og_locale":"fr_FR","og_type":"article","og_title":"\u00c0 propos de - (Data Science & Jumeaux Num\u00e9riques en Sant\u00e9)","og_description":"DALI propose des analyses personnalis\u00e9es pour prendre des d\u00e9cisions strat\u00e9giques, tout cela via l'analyse de donn\u00e9es et la mod\u00e9lisation.","og_url":"https:\/\/dali.science\/index.php\/a-propos-de\/","article_modified_time":"2026-03-12T10:32:41+00:00","og_image":[{"width":2560,"height":1696,"url":"https:\/\/dali.science\/wp-content\/uploads\/2025\/05\/pexels-goumbik-669610-scaled.jpg","type":"image\/jpeg"}],"twitter_card":"summary_large_image","twitter_misc":{"Dur\u00e9e de lecture estim\u00e9e":"2 minutes"},"schema":{"@context":"https:\/\/schema.org","@graph":[{"@type":"WebPage","@id":"https:\/\/dali.science\/index.php\/a-propos-de\/","url":"https:\/\/dali.science\/index.php\/a-propos-de\/","name":"\u00c0 propos de - (Data Science & Jumeaux Num\u00e9riques en Sant\u00e9)","isPartOf":{"@id":"https:\/\/dali.science\/#website"},"primaryImageOfPage":{"@id":"https:\/\/dali.science\/index.php\/a-propos-de\/#primaryimage"},"image":{"@id":"https:\/\/dali.science\/index.php\/a-propos-de\/#primaryimage"},"thumbnailUrl":"https:\/\/dali.science\/wp-content\/uploads\/2025\/05\/pexels-goumbik-669610-scaled.jpg","datePublished":"2024-11-03T10:39:57+00:00","dateModified":"2026-03-12T10:32:41+00:00","description":"DALI propose des analyses personnalis\u00e9es pour prendre des d\u00e9cisions strat\u00e9giques, tout cela via l'analyse de donn\u00e9es et la mod\u00e9lisation.","breadcrumb":{"@id":"https:\/\/dali.science\/index.php\/a-propos-de\/#breadcrumb"},"inLanguage":"fr-FR","potentialAction":[{"@type":"ReadAction","target":["https:\/\/dali.science\/index.php\/a-propos-de\/"]}]},{"@type":"ImageObject","inLanguage":"fr-FR","@id":"https:\/\/dali.science\/index.php\/a-propos-de\/#primaryimage","url":"https:\/\/dali.science\/wp-content\/uploads\/2025\/05\/pexels-goumbik-669610-scaled.jpg","contentUrl":"https:\/\/dali.science\/wp-content\/uploads\/2025\/05\/pexels-goumbik-669610-scaled.jpg","width":2560,"height":1696},{"@type":"BreadcrumbList","@id":"https:\/\/dali.science\/index.php\/a-propos-de\/#breadcrumb","itemListElement":[{"@type":"ListItem","position":1,"name":"Accueil","item":"https:\/\/dali.science\/"},{"@type":"ListItem","position":2,"name":"\u00c0 propos de"}]},{"@type":"WebSite","@id":"https:\/\/dali.science\/#website","url":"https:\/\/dali.science\/","name":"dali.science","description":"Transformer les donn\u00e9es en d\u00e9cisions \u00e9clair\u00e9es","publisher":{"@id":"https:\/\/dali.science\/#organization"},"potentialAction":[{"@type":"SearchAction","target":{"@type":"EntryPoint","urlTemplate":"https:\/\/dali.science\/?s={search_term_string}"},"query-input":{"@type":"PropertyValueSpecification","valueRequired":true,"valueName":"search_term_string"}}],"inLanguage":"fr-FR"},{"@type":"Organization","@id":"https:\/\/dali.science\/#organization","name":"DALI","url":"https:\/\/dali.science\/","logo":{"@type":"ImageObject","inLanguage":"fr-FR","@id":"https:\/\/dali.science\/#\/schema\/logo\/image\/","url":"https:\/\/dali.science\/wp-content\/uploads\/2025\/05\/logo-avec-slogan.png","contentUrl":"https:\/\/dali.science\/wp-content\/uploads\/2025\/05\/logo-avec-slogan.png","width":1299,"height":475,"caption":"DALI"},"image":{"@id":"https:\/\/dali.science\/#\/schema\/logo\/image\/"},"sameAs":["https:\/\/www.linkedin.com\/company\/dali-science"]}]}},"_links":{"self":[{"href":"https:\/\/dali.science\/index.php\/wp-json\/wp\/v2\/pages\/10","targetHints":{"allow":["GET"]}}],"collection":[{"href":"https:\/\/dali.science\/index.php\/wp-json\/wp\/v2\/pages"}],"about":[{"href":"https:\/\/dali.science\/index.php\/wp-json\/wp\/v2\/types\/page"}],"author":[{"embeddable":true,"href":"https:\/\/dali.science\/index.php\/wp-json\/wp\/v2\/users\/1"}],"replies":[{"embeddable":true,"href":"https:\/\/dali.science\/index.php\/wp-json\/wp\/v2\/comments?post=10"}],"version-history":[{"count":9,"href":"https:\/\/dali.science\/index.php\/wp-json\/wp\/v2\/pages\/10\/revisions"}],"predecessor-version":[{"id":312,"href":"https:\/\/dali.science\/index.php\/wp-json\/wp\/v2\/pages\/10\/revisions\/312"}],"wp:featuredmedia":[{"embeddable":true,"href":"https:\/\/dali.science\/index.php\/wp-json\/wp\/v2\/media\/75"}],"wp:attachment":[{"href":"https:\/\/dali.science\/index.php\/wp-json\/wp\/v2\/media?parent=10"}],"curies":[{"name":"wp","href":"https:\/\/api.w.org\/{rel}","templated":true}]}}