{"id":11,"date":"2024-11-03T11:39:57","date_gmt":"2024-11-03T10:39:57","guid":{"rendered":"http:\/\/www.dali.science\/?page_id=11"},"modified":"2025-11-18T21:54:53","modified_gmt":"2025-11-18T20:54:53","slug":"contact","status":"publish","type":"page","link":"https:\/\/dali.science\/index.php\/contact\/","title":{"rendered":"Contactez-nous"},"content":{"rendered":"<div class=\"wp-block-image is-style-default\">\n<figure class=\"aligncenter size-full is-resized\"><img loading=\"lazy\" decoding=\"async\" width=\"438\" height=\"407\" src=\"http:\/\/www.dali.science\/wp-content\/uploads\/2025\/05\/Martin.png\" alt=\"\" class=\"wp-image-62\" style=\"width:294px;height:auto\" srcset=\"https:\/\/dali.science\/wp-content\/uploads\/2025\/05\/Martin.png 438w, https:\/\/dali.science\/wp-content\/uploads\/2025\/05\/Martin-300x279.png 300w\" sizes=\"auto, (max-width: 438px) 100vw, 438px\" \/><figcaption class=\"wp-element-caption\">Martin PRODEL (PhD)<br>Cofounder &amp; CEO<br><a href=\"https:\/\/www.linkedin.com\/in\/prodelmartin\/\" data-type=\"link\" data-id=\"https:\/\/www.linkedin.com\/in\/prodelmartin\/\">Linkedin<\/a><\/figcaption><\/figure>\n<\/div>\n\n<div class=\"wp-block-image\">\n<figure class=\"aligncenter size-full is-resized\"><img loading=\"lazy\" decoding=\"async\" width=\"420\" height=\"409\" src=\"http:\/\/www.dali.science\/wp-content\/uploads\/2025\/05\/Vincent.png\" alt=\"\" class=\"wp-image-63\" style=\"width:291px;height:auto\" srcset=\"https:\/\/dali.science\/wp-content\/uploads\/2025\/05\/Vincent.png 420w, https:\/\/dali.science\/wp-content\/uploads\/2025\/05\/Vincent-300x292.png 300w\" sizes=\"auto, (max-width: 420px) 100vw, 420px\" \/><figcaption class=\"wp-element-caption\">Vincent Augusto (PhD, Pr)<br>Cofounder &amp; Chief Scientific Officer<br><a href=\"https:\/\/www.linkedin.com\/in\/vincent-augusto-90106387\/\">Linkedin<\/a><br><\/figcaption><\/figure>\n<\/div>\n\n\n<p><\/p>\n\n\n\n<p class=\"has-text-align-center\"><a href=\"mailto:contact@dali.science\">contact@dali.science<\/a><\/p>\n\n\n\n<p><\/p>\n","protected":false},"excerpt":{"rendered":"<p>contact@dali.science<\/p>\n","protected":false},"author":1,"featured_media":268,"parent":0,"menu_order":0,"comment_status":"closed","ping_status":"closed","template":"","meta":{"footnotes":""},"class_list":["post-11","page","type-page","status-publish","has-post-thumbnail","hentry"],"yoast_head":"<!-- This site is optimized with the Yoast SEO plugin v27.4 - https:\/\/yoast.com\/product\/yoast-seo-wordpress\/ -->\n<title>Contactez-nous -<\/title>\n<meta name=\"robots\" content=\"index, follow, max-snippet:-1, max-image-preview:large, max-video-preview:-1\" \/>\n<link rel=\"canonical\" href=\"https:\/\/dali.science\/index.php\/contact\/\" \/>\n<meta property=\"og:locale\" content=\"fr_FR\" \/>\n<meta property=\"og:type\" content=\"article\" \/>\n<meta property=\"og:title\" content=\"Contactez-nous -\" \/>\n<meta property=\"og:description\" content=\"contact@dali.science\" \/>\n<meta property=\"og:url\" content=\"https:\/\/dali.science\/index.php\/contact\/\" \/>\n<meta property=\"article:modified_time\" content=\"2025-11-18T20:54:53+00:00\" \/>\n<meta property=\"og:image\" content=\"https:\/\/dali.science\/wp-content\/uploads\/2025\/11\/pexels-thisisengineering-3862130-2.jpg\" \/>\n\t<meta property=\"og:image:width\" content=\"1\" \/>\n\t<meta property=\"og:image:height\" content=\"1\" \/>\n\t<meta property=\"og:image:type\" content=\"image\/jpeg\" \/>\n<meta name=\"twitter:card\" content=\"summary_large_image\" \/>\n<meta name=\"twitter:label1\" content=\"Dur\u00e9e de lecture estim\u00e9e\" \/>\n\t<meta name=\"twitter:data1\" content=\"1 minute\" \/>\n<script type=\"application\/ld+json\" class=\"yoast-schema-graph\">{\"@context\":\"https:\\\/\\\/schema.org\",\"@graph\":[{\"@type\":\"WebPage\",\"@id\":\"https:\\\/\\\/dali.science\\\/index.php\\\/contact\\\/\",\"url\":\"https:\\\/\\\/dali.science\\\/index.php\\\/contact\\\/\",\"name\":\"Contactez-nous -\",\"isPartOf\":{\"@id\":\"https:\\\/\\\/dali.science\\\/#website\"},\"primaryImageOfPage\":{\"@id\":\"https:\\\/\\\/dali.science\\\/index.php\\\/contact\\\/#primaryimage\"},\"image\":{\"@id\":\"https:\\\/\\\/dali.science\\\/index.php\\\/contact\\\/#primaryimage\"},\"thumbnailUrl\":\"https:\\\/\\\/dali.science\\\/wp-content\\\/uploads\\\/2025\\\/11\\\/pexels-thisisengineering-3862130-2.jpg\",\"datePublished\":\"2024-11-03T10:39:57+00:00\",\"dateModified\":\"2025-11-18T20:54:53+00:00\",\"breadcrumb\":{\"@id\":\"https:\\\/\\\/dali.science\\\/index.php\\\/contact\\\/#breadcrumb\"},\"inLanguage\":\"fr-FR\",\"potentialAction\":[{\"@type\":\"ReadAction\",\"target\":[\"https:\\\/\\\/dali.science\\\/index.php\\\/contact\\\/\"]}]},{\"@type\":\"ImageObject\",\"inLanguage\":\"fr-FR\",\"@id\":\"https:\\\/\\\/dali.science\\\/index.php\\\/contact\\\/#primaryimage\",\"url\":\"https:\\\/\\\/dali.science\\\/wp-content\\\/uploads\\\/2025\\\/11\\\/pexels-thisisengineering-3862130-2.jpg\",\"contentUrl\":\"https:\\\/\\\/dali.science\\\/wp-content\\\/uploads\\\/2025\\\/11\\\/pexels-thisisengineering-3862130-2.jpg\"},{\"@type\":\"BreadcrumbList\",\"@id\":\"https:\\\/\\\/dali.science\\\/index.php\\\/contact\\\/#breadcrumb\",\"itemListElement\":[{\"@type\":\"ListItem\",\"position\":1,\"name\":\"Accueil\",\"item\":\"https:\\\/\\\/dali.science\\\/\"},{\"@type\":\"ListItem\",\"position\":2,\"name\":\"Contactez-nous\"}]},{\"@type\":\"WebSite\",\"@id\":\"https:\\\/\\\/dali.science\\\/#website\",\"url\":\"https:\\\/\\\/dali.science\\\/\",\"name\":\"dali.science\",\"description\":\"Transformer les donn\u00e9es en d\u00e9cisions \u00e9clair\u00e9es\",\"publisher\":{\"@id\":\"https:\\\/\\\/dali.science\\\/#organization\"},\"potentialAction\":[{\"@type\":\"SearchAction\",\"target\":{\"@type\":\"EntryPoint\",\"urlTemplate\":\"https:\\\/\\\/dali.science\\\/?s={search_term_string}\"},\"query-input\":{\"@type\":\"PropertyValueSpecification\",\"valueRequired\":true,\"valueName\":\"search_term_string\"}}],\"inLanguage\":\"fr-FR\"},{\"@type\":\"Organization\",\"@id\":\"https:\\\/\\\/dali.science\\\/#organization\",\"name\":\"DALI\",\"url\":\"https:\\\/\\\/dali.science\\\/\",\"logo\":{\"@type\":\"ImageObject\",\"inLanguage\":\"fr-FR\",\"@id\":\"https:\\\/\\\/dali.science\\\/#\\\/schema\\\/logo\\\/image\\\/\",\"url\":\"https:\\\/\\\/dali.science\\\/wp-content\\\/uploads\\\/2025\\\/05\\\/logo-avec-slogan.png\",\"contentUrl\":\"https:\\\/\\\/dali.science\\\/wp-content\\\/uploads\\\/2025\\\/05\\\/logo-avec-slogan.png\",\"width\":1299,\"height\":475,\"caption\":\"DALI\"},\"image\":{\"@id\":\"https:\\\/\\\/dali.science\\\/#\\\/schema\\\/logo\\\/image\\\/\"},\"sameAs\":[\"https:\\\/\\\/www.linkedin.com\\\/company\\\/dali-science\"]}]}<\/script>\n<!-- \/ Yoast SEO plugin. -->","yoast_head_json":{"title":"Contactez-nous -","robots":{"index":"index","follow":"follow","max-snippet":"max-snippet:-1","max-image-preview":"max-image-preview:large","max-video-preview":"max-video-preview:-1"},"canonical":"https:\/\/dali.science\/index.php\/contact\/","og_locale":"fr_FR","og_type":"article","og_title":"Contactez-nous -","og_description":"contact@dali.science","og_url":"https:\/\/dali.science\/index.php\/contact\/","article_modified_time":"2025-11-18T20:54:53+00:00","og_image":[{"url":"https:\/\/dali.science\/wp-content\/uploads\/2025\/11\/pexels-thisisengineering-3862130-2.jpg","width":1,"height":1,"type":"image\/jpeg"}],"twitter_card":"summary_large_image","twitter_misc":{"Dur\u00e9e de lecture estim\u00e9e":"1 minute"},"schema":{"@context":"https:\/\/schema.org","@graph":[{"@type":"WebPage","@id":"https:\/\/dali.science\/index.php\/contact\/","url":"https:\/\/dali.science\/index.php\/contact\/","name":"Contactez-nous -","isPartOf":{"@id":"https:\/\/dali.science\/#website"},"primaryImageOfPage":{"@id":"https:\/\/dali.science\/index.php\/contact\/#primaryimage"},"image":{"@id":"https:\/\/dali.science\/index.php\/contact\/#primaryimage"},"thumbnailUrl":"https:\/\/dali.science\/wp-content\/uploads\/2025\/11\/pexels-thisisengineering-3862130-2.jpg","datePublished":"2024-11-03T10:39:57+00:00","dateModified":"2025-11-18T20:54:53+00:00","breadcrumb":{"@id":"https:\/\/dali.science\/index.php\/contact\/#breadcrumb"},"inLanguage":"fr-FR","potentialAction":[{"@type":"ReadAction","target":["https:\/\/dali.science\/index.php\/contact\/"]}]},{"@type":"ImageObject","inLanguage":"fr-FR","@id":"https:\/\/dali.science\/index.php\/contact\/#primaryimage","url":"https:\/\/dali.science\/wp-content\/uploads\/2025\/11\/pexels-thisisengineering-3862130-2.jpg","contentUrl":"https:\/\/dali.science\/wp-content\/uploads\/2025\/11\/pexels-thisisengineering-3862130-2.jpg"},{"@type":"BreadcrumbList","@id":"https:\/\/dali.science\/index.php\/contact\/#breadcrumb","itemListElement":[{"@type":"ListItem","position":1,"name":"Accueil","item":"https:\/\/dali.science\/"},{"@type":"ListItem","position":2,"name":"Contactez-nous"}]},{"@type":"WebSite","@id":"https:\/\/dali.science\/#website","url":"https:\/\/dali.science\/","name":"dali.science","description":"Transformer les donn\u00e9es en d\u00e9cisions \u00e9clair\u00e9es","publisher":{"@id":"https:\/\/dali.science\/#organization"},"potentialAction":[{"@type":"SearchAction","target":{"@type":"EntryPoint","urlTemplate":"https:\/\/dali.science\/?s={search_term_string}"},"query-input":{"@type":"PropertyValueSpecification","valueRequired":true,"valueName":"search_term_string"}}],"inLanguage":"fr-FR"},{"@type":"Organization","@id":"https:\/\/dali.science\/#organization","name":"DALI","url":"https:\/\/dali.science\/","logo":{"@type":"ImageObject","inLanguage":"fr-FR","@id":"https:\/\/dali.science\/#\/schema\/logo\/image\/","url":"https:\/\/dali.science\/wp-content\/uploads\/2025\/05\/logo-avec-slogan.png","contentUrl":"https:\/\/dali.science\/wp-content\/uploads\/2025\/05\/logo-avec-slogan.png","width":1299,"height":475,"caption":"DALI"},"image":{"@id":"https:\/\/dali.science\/#\/schema\/logo\/image\/"},"sameAs":["https:\/\/www.linkedin.com\/company\/dali-science"]}]}},"_links":{"self":[{"href":"https:\/\/dali.science\/index.php\/wp-json\/wp\/v2\/pages\/11","targetHints":{"allow":["GET"]}}],"collection":[{"href":"https:\/\/dali.science\/index.php\/wp-json\/wp\/v2\/pages"}],"about":[{"href":"https:\/\/dali.science\/index.php\/wp-json\/wp\/v2\/types\/page"}],"author":[{"embeddable":true,"href":"https:\/\/dali.science\/index.php\/wp-json\/wp\/v2\/users\/1"}],"replies":[{"embeddable":true,"href":"https:\/\/dali.science\/index.php\/wp-json\/wp\/v2\/comments?post=11"}],"version-history":[{"count":7,"href":"https:\/\/dali.science\/index.php\/wp-json\/wp\/v2\/pages\/11\/revisions"}],"predecessor-version":[{"id":153,"href":"https:\/\/dali.science\/index.php\/wp-json\/wp\/v2\/pages\/11\/revisions\/153"}],"wp:featuredmedia":[{"embeddable":true,"href":"https:\/\/dali.science\/index.php\/wp-json\/wp\/v2\/media\/268"}],"wp:attachment":[{"href":"https:\/\/dali.science\/index.php\/wp-json\/wp\/v2\/media?parent=11"}],"curies":[{"name":"wp","href":"https:\/\/api.w.org\/{rel}","templated":true}]}}