{"id":122,"date":"2025-05-13T16:39:48","date_gmt":"2025-05-13T14:39:48","guid":{"rendered":"https:\/\/dali.science\/?page_id=122"},"modified":"2025-05-13T16:39:48","modified_gmt":"2025-05-13T14:39:48","slug":"mentions-legales","status":"publish","type":"page","link":"https:\/\/dali.science\/index.php\/mentions-legales\/","title":{"rendered":"Mentions l\u00e9gales"},"content":{"rendered":"\n<p><strong>PR\u00c9SENTATION DU SITE \u00a0<\/strong><\/p>\n\n\n\n<p>En vertu de l\u2019article 6 de la loi n\u00b0 2004-575 du 21 juin 2004 pour la confiance dans l\u2019\u00e9conomie num\u00e9rique, les diff\u00e9rents intervenants du site dans le cadre de sa r\u00e9alisation et de son suivi : &nbsp;<\/p>\n\n\n\n<ul class=\"wp-block-list\">\n<li><strong>Propri\u00e9taire<\/strong> \u00a0:\u00a0DALI &#8211;\u00a094258289100019,\u00a0SAS auteur au capital de 1000\u20ac. Le propri\u00e9taire du site internet est joignable \u00e0 cette adresse :\u00a0contact@dali.science<\/li>\n\n\n\n<li><strong>Adresse<\/strong> :\u00a08 rue du repos 69007 Lyon<\/li>\n\n\n\n<li><strong>Cr\u00e9ateur du site\u00a0<\/strong> : \u00a0DALI<\/li>\n\n\n\n<li><strong>Responsable publication<\/strong> \u00a0:\u00a0Martin\u00a0PRODEL &#8211;\u00a0contact@dali.science<\/li>\n\n\n\n<li><strong>Webmaster<\/strong> \u00a0:\u00a0Martin PRODEL \u00a0&#8211; \u00a0contact@dali.science<\/li>\n\n\n\n<li><strong>H\u00e9bergeur<\/strong> \u00a0:\u00a0OVH\u00a02 rue kellermann BP 80157 59053 ROUBAIX CEDEX 1 \u2013 France<\/li>\n<\/ul>\n\n\n\n<p><strong>&nbsp;CONDITIONS D\u2019UTILISATION &nbsp;<\/strong><\/p>\n\n\n\n<p>L\u2019utilisation du site &nbsp;implique l\u2019acceptation pleine et enti\u00e8re des conditions g\u00e9n\u00e9rales d\u2019utilisation ci-apr\u00e8s d\u00e9crites. Ces conditions d\u2019utilisation sont susceptibles d\u2019\u00eatre modifi\u00e9es ou compl\u00e9t\u00e9es \u00e0 tout moment, les utilisateurs du site sont donc invit\u00e9s \u00e0 les consulter de mani\u00e8re r\u00e9guli\u00e8re.<\/p>\n\n\n\n<p>Le site est mis \u00e0 jour r\u00e9guli\u00e8rement par&nbsp;Martin&nbsp;PRODEL. De la m\u00eame fa\u00e7on,&nbsp;<strong>les mentions l\u00e9gales peuvent \u00eatre modifi\u00e9es \u00e0 tout moment<\/strong> : elles s\u2019imposent n\u00e9anmoins \u00e0 l\u2019utilisateur qui est invit\u00e9 \u00e0 s\u2019y r\u00e9f\u00e9rer le plus souvent possible afin d\u2019en prendre connaissance.&nbsp;<\/p>\n\n\n\n<p><strong>SERVICES FOURNIS &nbsp;<\/strong><\/p>\n\n\n\n<p>DALI&nbsp;s\u2019efforce de fournir sur le site des informations aussi pr\u00e9cises que possible.<\/p>\n\n\n\n<p>Toutefois, il ne pourra \u00eatre tenue responsable des omissions, des inexactitudes et des carences dans la mise \u00e0 jour, qu\u2019elles soient de son fait ou du fait des tiers partenaires qui lui fournissent ces informations.<\/p>\n\n\n\n<p>Tous les informations indiqu\u00e9es sur le site&nbsp;<a href=\"https:\/\/dali.science\/\">https:\/\/dali.science\/<\/a> sont donn\u00e9es \u00e0 titre indicatif, et sont susceptibles d\u2019\u00e9voluer. Aussi, toutes les informations indiqu\u00e9es sur le site Site&nbsp;<a href=\"https:\/\/dali.science\/\">https:\/\/dali.science\/<\/a> sont donn\u00e9es \u00e0 titre indicatif, et sont susceptibles de changer ou d\u2019\u00e9voluer sans pr\u00e9avis.<\/p>\n\n\n\n<p>Si vous constatez une lacune, erreur ou ce qui parait \u00eatre un dysfonctionnement, merci de bien vouloir le signaler par e-mail, \u00e0 l\u2019adresse\u00a0contact@dali.science, en d\u00e9crivant le probl\u00e8me de la mani\u00e8re la plus pr\u00e9cise possible (vous vous trouver sur un t\u00e9l\u00e9phone, une tablette ou bien un ordinateur ; nom de la page qui pose probl\u00e8me, type de syst\u00e8me d\u2019exploitation, navigateur utilis\u00e9,\u2026).<\/p>\n\n\n\n<p>DALI&nbsp;n\u2019est en aucun cas responsable de l\u2019utilisation faite de ces informations, et de tout pr\u00e9judice direct ou indirect pouvant en d\u00e9couler.<\/p>\n\n\n\n<p><strong>PROPRI\u00c9T\u00c9 INTELLECTUELLE ET CONTREFA\u00c7ONS<\/strong><\/p>\n\n\n\n<p>DALI est le propri\u00e9taire des droits de propri\u00e9t\u00e9 intellectuelle ou d\u00e9tient les droits d\u2019usage sur tous les \u00e9l\u00e9ments accessibles sur le site, notamment les textes, images, graphismes, logo, ic\u00f4nes, sons, logiciels.<\/p>\n\n\n\n<p>Toute reproduction, repr\u00e9sentation, modification, publication, distribution, retransmission, adaptation de tout ou partie des \u00e9l\u00e9ments du site, quel que soit le moyen ou le proc\u00e9d\u00e9 utilis\u00e9, est interdite, sauf autorisation \u00e9crite pr\u00e9alable de :&nbsp;<a href=\"https:\/\/dali.science\/\">https:\/\/dali.science\/<\/a>.<\/p>\n\n\n\n<p>Toute exploitation non autoris\u00e9e du site ou de l\u2019un quelconque des \u00e9l\u00e9ments qu\u2019il contient, par quelque proc\u00e9d\u00e9 que ce soit, sera consid\u00e9r\u00e9e comme constitutive d\u2019une contrefa\u00e7on et poursuivie conform\u00e9ment aux dispositions des articles L.335-2 et suivants du Code de Propri\u00e9t\u00e9 Intellectuelle.<\/p>\n\n\n\n<p>Le non-respect de cette interdiction constitue une contrefa\u00e7on pouvant engager la responsabilit\u00e9 civile et p\u00e9nale du contrefacteur. En outre, les propri\u00e9taires des Contenus copi\u00e9s pourraient intenter une action en justice \u00e0 votre encontre. &nbsp;<\/p>\n\n\n\n<p><strong>\u00a0LIMITATIONS DE RESPONSABILIT\u00c9S<\/strong><\/p>\n\n\n\n<p>L\u2019utilisateur du site s\u2019engage \u00e0 acc\u00e9der au site en utilisant un mat\u00e9riel r\u00e9cent, ne contenant pas de virus et avec un navigateur de derni\u00e8re g\u00e9n\u00e9ration mis-\u00e0-jour.<\/p>\n\n\n\n<p>DALI&nbsp;ne pourra \u00eatre tenue responsable des dommages directs et indirects caus\u00e9s au mat\u00e9riel de l\u2019utilisateur, lors de l\u2019acc\u00e8s au site&nbsp;<a href=\"https:\/\/dali.science\/\">https:\/\/dali.science\/<\/a>, et r\u00e9sultant soit de l\u2019utilisation d\u2019un mat\u00e9riel ne r\u00e9pondant pas aux sp\u00e9cifications indiqu\u00e9es ci-dessus, soit de l\u2019apparition d\u2019un bug ou d\u2019une incompatibilit\u00e9.<\/p>\n\n\n\n<p>DALI&nbsp;ne pourra \u00e9galement \u00eatre tenue responsable des dommages indirects (tels par exemple qu\u2019une perte de march\u00e9 ou perte d\u2019une chance) cons\u00e9cutifs \u00e0 l\u2019utilisation du site&nbsp;<a href=\"https:\/\/dali.science\/\">https:\/\/dali.science\/<\/a>.<\/p>\n\n\n\n<p>Des espaces interactifs (possibilit\u00e9 de poser des questions dans l\u2019espace contact) sont \u00e0 la disposition des utilisateurs.&nbsp;DALI&nbsp; se r\u00e9serve le droit de supprimer, sans mise en demeure pr\u00e9alable, tout contenu d\u00e9pos\u00e9 dans cet espace qui contreviendrait \u00e0 la l\u00e9gislation applicable en France, en particulier aux dispositions relatives \u00e0 la protection des donn\u00e9es.&nbsp;<\/p>\n\n\n\n<p>Le cas \u00e9ch\u00e9ant,&nbsp;DALI se r\u00e9serve aussi la possibilit\u00e9 de mettre en cause la responsabilit\u00e9 civile et\/ou p\u00e9nale de l\u2019utilisateur, notamment en cas de message \u00e0 caract\u00e8re diffamant, raciste, injurieux ou pornographique, quel que soit le support utilis\u00e9 (texte, vid\u00e9o, photographie\u2026). &nbsp;<\/p>\n\n\n\n<p><strong>Gestion des donn\u00e9es personnelles. &nbsp;<\/strong><\/p>\n\n\n\n<p>En France, les donn\u00e9es personnelles sont notamment prot\u00e9g\u00e9es par la loi n\u00b0 78-87 du 6 janvier 1978, la loi n\u00b0 2004-801 du 6 ao\u00fbt 2004, l\u2019article L. 226-13 du Code p\u00e9nal et la Directive Europ\u00e9enne du 24 octobre 1995.<\/p>\n\n\n\n<p>A l\u2019occasion de l\u2019utilisation du site&nbsp;<a href=\"https:\/\/dali.science\/\">https:\/\/dali.science\/<\/a>, peuvent \u00eatre recueillies : l\u2019URL des liens par l\u2019interm\u00e9diaire desquels l\u2019utilisateur a acc\u00e9d\u00e9 \u00e0 ce site, le fournisseur d\u2019acc\u00e8s de l\u2019utilisateur, l\u2019adresse de protocole Internet (IP) de l\u2019utilisateur.<\/p>\n\n\n\n<p>En tout \u00e9tat de cause, DALI ne collecte des informations personnelles relatives \u00e0 l\u2019utilisateur que pour le besoin de certains services propos\u00e9s par le site &nbsp;<a href=\"https:\/\/dali.science\/\">https:\/\/dali.science\/<\/a>. L\u2019utilisateur fournit ces informations en toute connaissance de cause, notamment lorsqu\u2019il proc\u00e8de par lui-m\u00eame \u00e0 leur saisie. Il est alors pr\u00e9cis\u00e9 \u00e0 l\u2019utilisateur du site&nbsp;<a href=\"https:\/\/dali.science\/\">https:\/\/dali.science\/<\/a> l\u2019obligation ou non de fournir ces informations.<\/p>\n\n\n\n<p>Conform\u00e9ment aux dispositions des articles 38 et suivants de la loi 78-17 du 6 janvier 1978 relative \u00e0 l\u2019informatique, aux fichiers et aux libert\u00e9s, tout utilisateur dispose d\u2019un droit d\u2019acc\u00e8s, de rectification et d\u2019opposition aux donn\u00e9es personnelles le concernant, en effectuant sa demande \u00e9crite et sign\u00e9e, accompagn\u00e9e d\u2019une copie du titre d\u2019identit\u00e9 avec signature du titulaire de la pi\u00e8ce, en pr\u00e9cisant l\u2019adresse \u00e0 laquelle la r\u00e9ponse doit \u00eatre envoy\u00e9e.<\/p>\n\n\n\n<p>Aucune information personnelle de l\u2019utilisateur du site&nbsp;<a href=\"https:\/\/dali.science\/\">https:\/\/dali.science\/<\/a> n\u2019est publi\u00e9e \u00e0 l\u2019insu de l\u2019utilisateur, \u00e9chang\u00e9e, transf\u00e9r\u00e9e, c\u00e9d\u00e9e ou vendue sur un support quelconque \u00e0 des tiers. Seule l\u2019hypoth\u00e8se du rachat de&nbsp;DALI&nbsp;et\/ou du site internet de ses droits permettrait la transmission des dites informations \u00e0 l\u2019\u00e9ventuel acqu\u00e9reur qui serait \u00e0 son tour tenu de la m\u00eame obligation de conservation et de modification des donn\u00e9es vis \u00e0 vis de l\u2019utilisateur du site.<\/p>\n\n\n\n<p>Les bases de donn\u00e9es sont prot\u00e9g\u00e9es par les dispositions de la loi du 1er juillet 1998 transposant la directive 96\/9 du 11 mars 1996 relative \u00e0 la protection juridique des bases de donn\u00e9es. &nbsp;<\/p>\n\n\n\n<p><strong>LIENS HYPERTEXTES ET COOKIES<\/strong><\/p>\n\n\n\n<p>Le site&nbsp;<a href=\"https:\/\/dali.science\/\">https:\/\/dali.science\/<\/a> peut contenir un certain nombre de liens hypertextes vers d\u2019autres sites, mis en place avec l\u2019autorisation de&nbsp;DALI.&nbsp;<\/p>\n\n\n\n<p>Cependant,&nbsp;DALI n\u2019a pas la possibilit\u00e9 de v\u00e9rifier le contenu des sites ainsi visit\u00e9s, et n\u2019assumera en cons\u00e9quence aucune responsabilit\u00e9 de ce fait.<\/p>\n\n\n\n<p>La navigation sur le site&nbsp;<a href=\"https:\/\/dali.science\/\">https:\/\/dali.science\/<\/a> est susceptible de provoquer l\u2019installation de cookie(s) sur l\u2019ordinateur de l\u2019utilisateur.&nbsp;<\/p>\n\n\n\n<p>Un cookie est un fichier de petite taille, qui ne permet pas l\u2019identification de l\u2019utilisateur, mais qui enregistre des informations relatives \u00e0 la navigation d\u2019un ordinateur sur un site. Les donn\u00e9es ainsi obtenues visent \u00e0 faciliter la navigation ult\u00e9rieure sur le site, et ont \u00e9galement vocation \u00e0 permettre diverses mesures de fr\u00e9quentation.<\/p>\n\n\n\n<p>Le refus d\u2019installation d\u2019un cookie peut entra\u00eener l\u2019impossibilit\u00e9 d\u2019acc\u00e9der \u00e0 certains services. L\u2019utilisateur peut toutefois configurer son ordinateur de la mani\u00e8re suivante, pour refuser l\u2019installation des cookies :&nbsp;&nbsp;<\/p>\n\n\n\n<ul class=\"wp-block-list\">\n<li><strong>Sous Internet Explorer :\u00a0<\/strong>onglet outil (pictogramme en forme de rouage en haut a droite) \/ options internet. Cliquez sur Confidentialit\u00e9 et choisissez Bloquer tous les cookies. Validez sur Ok.\u00a0<\/li>\n\n\n\n<li><strong>Sous Firefox :\u00a0<\/strong>en haut de la fen\u00eatre du navigateur, cliquez sur le bouton Firefox, puis aller dans l\u2019onglet Options. Cliquer sur l\u2019onglet Vie priv\u00e9e.<\/li>\n\n\n\n<li><strong>Param\u00e9trez les R\u00e8gles de conservation sur :\u00a0<\/strong>utiliser les param\u00e8tres personnalis\u00e9s pour l\u2019historique. Enfin d\u00e9cochez-la pour d\u00e9sactiver les cookies.\u00a0<\/li>\n\n\n\n<li><strong>Sous Safari :\u00a0<\/strong>Cliquez en haut \u00e0 droite du navigateur sur le pictogramme de menu (symbolis\u00e9 par un rouage). S\u00e9lectionnez Param\u00e8tres. Cliquez sur Afficher les param\u00e8tres avanc\u00e9s. Dans la section \u201cConfidentialit\u00e9\u201d, cliquez sur Param\u00e8tres de contenu. Dans la section \u201cCookies\u201d, vous pouvez bloquer les cookies.\u00a0<\/li>\n\n\n\n<li><strong>Sous Chrome :\u00a0<\/strong>Cliquez en haut \u00e0 droite du navigateur sur le pictogramme de menu (symbolis\u00e9 par trois lignes horizontales). S\u00e9lectionnez Param\u00e8tres. Cliquez sur Afficher les param\u00e8tres avanc\u00e9s. Dans la section \u201cConfidentialit\u00e9\u201d, cliquez sur pr\u00e9f\u00e9rences. Dans l\u2019onglet \u201cConfidentialit\u00e9\u201d, vous pouvez bloquer les cookies.\u00a0<\/li>\n<\/ul>\n\n\n\n<p>Les liens hypertextes mis en place dans le cadre du pr\u00e9sent site internet en direction d&rsquo;autres ressources pr\u00e9sentes sur le r\u00e9seau Internet ne sauraient engager la responsabilit\u00e9 de&nbsp;DALI.<\/p>\n\n\n\n<p>Tout contenu t\u00e9l\u00e9charg\u00e9 se fait aux risques et p\u00e9rils de l&rsquo;utilisateur et sous sa seule responsabilit\u00e9. En cons\u00e9quence,&nbsp;DALI ne saurait \u00eatre tenu responsable d&rsquo;un quelconque dommage subi par l&rsquo;ordinateur de l&rsquo;utilisateur ou d&rsquo;une quelconque perte de donn\u00e9es cons\u00e9cutives au t\u00e9l\u00e9chargement. &nbsp;<\/p>\n\n\n\n<p><strong>DROIT APPLICABLE ET ATTRIBUTION DE JURIDICTION<\/strong><\/p>\n\n\n\n<p>Les pr\u00e9sentes conditions du site&nbsp;<a href=\"https:\/\/dali.science\/\">https:\/\/dali.science\/<\/a> sont r\u00e9gies par les lois fran\u00e7aises et toute contestation ou litiges qui pourraient na\u00eetre de l&rsquo;interpr\u00e9tation ou de l&rsquo;ex\u00e9cution de celles-ci seront de la comp\u00e9tence exclusive des tribunaux dont d\u00e9pend le si\u00e8ge social de la soci\u00e9t\u00e9&nbsp;DALI. La langue de r\u00e9f\u00e9rence, pour le r\u00e8glement de contentieux \u00e9ventuels, est le fran\u00e7ais. &nbsp;<\/p>\n\n\n\n<p><strong>LES PRINCIPALES LOIS CONCERN\u00c9ES<\/strong><\/p>\n\n\n\n<p>Loi n\u00b0 78-17 du 6 janvier 1978, notamment modifi\u00e9e par la loi n\u00b0 2004-801 du 6 ao\u00fbt 2004 relative \u00e0 l\u2019informatique, aux fichiers et aux libert\u00e9s.<\/p>\n\n\n\n<p>Loi n\u00b0 2004-575 du 21 juin 2004 pour la confiance dans l\u2019\u00e9conomie num\u00e9rique. &nbsp;<\/p>\n\n\n\n<p><strong>LEXIQUE &nbsp;<\/strong><\/p>\n\n\n\n<ul class=\"wp-block-list\">\n<li><strong>Propri\u00e9taire du site :\u00a0<\/strong>Responsable l\u00e9gal des informations contenues dans le site internet\u00a0<\/li>\n\n\n\n<li><strong>Webmaster<\/strong> : Personne en charge du maintien technique et des mises \u00e0 jour techniques du site internet\u00a0<\/li>\n\n\n\n<li><strong>Responsable publication :\u00a0<\/strong>Personne en charge de la mise \u00e0 jour des contenus (textes, visuels, multim\u00e9dia, etc.) sur le site internet\u00a0<\/li>\n\n\n\n<li><strong>H\u00e9bergeur<\/strong> : Espace de stockage du site internet\u00a0<\/li>\n\n\n\n<li><strong>Utilisateur<\/strong> : Internaute se connectant, utilisant le site susnomm\u00e9.\u00a0<\/li>\n\n\n\n<li><strong>Informations personnelles : \u00ab les informations qui permettent, sous quelque forme que ce soit, directement ou non, l\u2019identification des personnes physiques auxquelles elles s\u2019appliquent \u00bb (article 4 de la loi n\u00b0 78-17 du 6 janvier 1978). \u00a0<\/strong><\/li>\n<\/ul>\n\n\n\n<p><\/p>\n\n\n\n<p><\/p>\n","protected":false},"excerpt":{"rendered":"<p>PR\u00c9SENTATION DU SITE \u00a0 En vertu de l\u2019article 6 de la loi n\u00b0 2004-575 du 21 juin 2004 pour la confiance dans l\u2019\u00e9conomie num\u00e9rique, les diff\u00e9rents intervenants du site dans le cadre de sa r\u00e9alisation et de son suivi : &nbsp; &nbsp;CONDITIONS D\u2019UTILISATION &nbsp; L\u2019utilisation du site &nbsp;implique l\u2019acceptation pleine et enti\u00e8re des conditions g\u00e9n\u00e9rales d\u2019utilisation ci-apr\u00e8s d\u00e9crites. Ces conditions d\u2019utilisation sont susceptibles d\u2019\u00eatre modifi\u00e9es ou compl\u00e9t\u00e9es \u00e0 tout moment, les utilisateurs du site sont &hellip; <\/p>\n<p class=\"link-more\"><a href=\"https:\/\/dali.science\/index.php\/mentions-legales\/\" class=\"more-link\">Continuer la lecture<span class=\"screen-reader-text\"> de &laquo;&nbsp;Mentions l\u00e9gales&nbsp;&raquo;<\/span><\/a><\/p>\n","protected":false},"author":1,"featured_media":0,"parent":0,"menu_order":0,"comment_status":"closed","ping_status":"closed","template":"","meta":{"footnotes":""},"class_list":["post-122","page","type-page","status-publish","hentry"],"yoast_head":"<!-- This site is optimized with the Yoast SEO plugin v27.4 - https:\/\/yoast.com\/product\/yoast-seo-wordpress\/ -->\n<title>Mentions l\u00e9gales -<\/title>\n<meta name=\"robots\" content=\"index, follow, max-snippet:-1, max-image-preview:large, max-video-preview:-1\" \/>\n<link rel=\"canonical\" href=\"https:\/\/dali.science\/index.php\/mentions-legales\/\" \/>\n<meta property=\"og:locale\" content=\"fr_FR\" \/>\n<meta property=\"og:type\" content=\"article\" \/>\n<meta property=\"og:title\" content=\"Mentions l\u00e9gales -\" \/>\n<meta property=\"og:description\" content=\"PR\u00c9SENTATION DU SITE \u00a0 En vertu de l\u2019article 6 de la loi n\u00b0 2004-575 du 21 juin 2004 pour la confiance dans l\u2019\u00e9conomie num\u00e9rique, les diff\u00e9rents intervenants du site dans le cadre de sa r\u00e9alisation et de son suivi : &nbsp; &nbsp;CONDITIONS D\u2019UTILISATION &nbsp; L\u2019utilisation du site &nbsp;implique l\u2019acceptation pleine et enti\u00e8re des conditions g\u00e9n\u00e9rales d\u2019utilisation ci-apr\u00e8s d\u00e9crites. Ces conditions d\u2019utilisation sont susceptibles d\u2019\u00eatre modifi\u00e9es ou compl\u00e9t\u00e9es \u00e0 tout moment, les utilisateurs du site sont &hellip; Continuer la lecture de &laquo;&nbsp;Mentions l\u00e9gales&nbsp;&raquo;\" \/>\n<meta property=\"og:url\" content=\"https:\/\/dali.science\/index.php\/mentions-legales\/\" \/>\n<meta name=\"twitter:card\" content=\"summary_large_image\" \/>\n<meta name=\"twitter:label1\" content=\"Dur\u00e9e de lecture estim\u00e9e\" \/>\n\t<meta name=\"twitter:data1\" content=\"9 minutes\" \/>\n<script type=\"application\/ld+json\" class=\"yoast-schema-graph\">{\"@context\":\"https:\\\/\\\/schema.org\",\"@graph\":[{\"@type\":\"WebPage\",\"@id\":\"https:\\\/\\\/dali.science\\\/index.php\\\/mentions-legales\\\/\",\"url\":\"https:\\\/\\\/dali.science\\\/index.php\\\/mentions-legales\\\/\",\"name\":\"Mentions l\u00e9gales -\",\"isPartOf\":{\"@id\":\"https:\\\/\\\/dali.science\\\/#website\"},\"datePublished\":\"2025-05-13T14:39:48+00:00\",\"breadcrumb\":{\"@id\":\"https:\\\/\\\/dali.science\\\/index.php\\\/mentions-legales\\\/#breadcrumb\"},\"inLanguage\":\"fr-FR\",\"potentialAction\":[{\"@type\":\"ReadAction\",\"target\":[\"https:\\\/\\\/dali.science\\\/index.php\\\/mentions-legales\\\/\"]}]},{\"@type\":\"BreadcrumbList\",\"@id\":\"https:\\\/\\\/dali.science\\\/index.php\\\/mentions-legales\\\/#breadcrumb\",\"itemListElement\":[{\"@type\":\"ListItem\",\"position\":1,\"name\":\"Accueil\",\"item\":\"https:\\\/\\\/dali.science\\\/\"},{\"@type\":\"ListItem\",\"position\":2,\"name\":\"Mentions l\u00e9gales\"}]},{\"@type\":\"WebSite\",\"@id\":\"https:\\\/\\\/dali.science\\\/#website\",\"url\":\"https:\\\/\\\/dali.science\\\/\",\"name\":\"dali.science\",\"description\":\"Transformer les donn\u00e9es en d\u00e9cisions \u00e9clair\u00e9es\",\"publisher\":{\"@id\":\"https:\\\/\\\/dali.science\\\/#organization\"},\"potentialAction\":[{\"@type\":\"SearchAction\",\"target\":{\"@type\":\"EntryPoint\",\"urlTemplate\":\"https:\\\/\\\/dali.science\\\/?s={search_term_string}\"},\"query-input\":{\"@type\":\"PropertyValueSpecification\",\"valueRequired\":true,\"valueName\":\"search_term_string\"}}],\"inLanguage\":\"fr-FR\"},{\"@type\":\"Organization\",\"@id\":\"https:\\\/\\\/dali.science\\\/#organization\",\"name\":\"DALI\",\"url\":\"https:\\\/\\\/dali.science\\\/\",\"logo\":{\"@type\":\"ImageObject\",\"inLanguage\":\"fr-FR\",\"@id\":\"https:\\\/\\\/dali.science\\\/#\\\/schema\\\/logo\\\/image\\\/\",\"url\":\"https:\\\/\\\/dali.science\\\/wp-content\\\/uploads\\\/2025\\\/05\\\/logo-avec-slogan.png\",\"contentUrl\":\"https:\\\/\\\/dali.science\\\/wp-content\\\/uploads\\\/2025\\\/05\\\/logo-avec-slogan.png\",\"width\":1299,\"height\":475,\"caption\":\"DALI\"},\"image\":{\"@id\":\"https:\\\/\\\/dali.science\\\/#\\\/schema\\\/logo\\\/image\\\/\"},\"sameAs\":[\"https:\\\/\\\/www.linkedin.com\\\/company\\\/dali-science\"]}]}<\/script>\n<!-- \/ Yoast SEO plugin. -->","yoast_head_json":{"title":"Mentions l\u00e9gales -","robots":{"index":"index","follow":"follow","max-snippet":"max-snippet:-1","max-image-preview":"max-image-preview:large","max-video-preview":"max-video-preview:-1"},"canonical":"https:\/\/dali.science\/index.php\/mentions-legales\/","og_locale":"fr_FR","og_type":"article","og_title":"Mentions l\u00e9gales -","og_description":"PR\u00c9SENTATION DU SITE \u00a0 En vertu de l\u2019article 6 de la loi n\u00b0 2004-575 du 21 juin 2004 pour la confiance dans l\u2019\u00e9conomie num\u00e9rique, les diff\u00e9rents intervenants du site dans le cadre de sa r\u00e9alisation et de son suivi : &nbsp; &nbsp;CONDITIONS D\u2019UTILISATION &nbsp; L\u2019utilisation du site &nbsp;implique l\u2019acceptation pleine et enti\u00e8re des conditions g\u00e9n\u00e9rales d\u2019utilisation ci-apr\u00e8s d\u00e9crites. Ces conditions d\u2019utilisation sont susceptibles d\u2019\u00eatre modifi\u00e9es ou compl\u00e9t\u00e9es \u00e0 tout moment, les utilisateurs du site sont &hellip; Continuer la lecture de &laquo;&nbsp;Mentions l\u00e9gales&nbsp;&raquo;","og_url":"https:\/\/dali.science\/index.php\/mentions-legales\/","twitter_card":"summary_large_image","twitter_misc":{"Dur\u00e9e de lecture estim\u00e9e":"9 minutes"},"schema":{"@context":"https:\/\/schema.org","@graph":[{"@type":"WebPage","@id":"https:\/\/dali.science\/index.php\/mentions-legales\/","url":"https:\/\/dali.science\/index.php\/mentions-legales\/","name":"Mentions l\u00e9gales -","isPartOf":{"@id":"https:\/\/dali.science\/#website"},"datePublished":"2025-05-13T14:39:48+00:00","breadcrumb":{"@id":"https:\/\/dali.science\/index.php\/mentions-legales\/#breadcrumb"},"inLanguage":"fr-FR","potentialAction":[{"@type":"ReadAction","target":["https:\/\/dali.science\/index.php\/mentions-legales\/"]}]},{"@type":"BreadcrumbList","@id":"https:\/\/dali.science\/index.php\/mentions-legales\/#breadcrumb","itemListElement":[{"@type":"ListItem","position":1,"name":"Accueil","item":"https:\/\/dali.science\/"},{"@type":"ListItem","position":2,"name":"Mentions l\u00e9gales"}]},{"@type":"WebSite","@id":"https:\/\/dali.science\/#website","url":"https:\/\/dali.science\/","name":"dali.science","description":"Transformer les donn\u00e9es en d\u00e9cisions \u00e9clair\u00e9es","publisher":{"@id":"https:\/\/dali.science\/#organization"},"potentialAction":[{"@type":"SearchAction","target":{"@type":"EntryPoint","urlTemplate":"https:\/\/dali.science\/?s={search_term_string}"},"query-input":{"@type":"PropertyValueSpecification","valueRequired":true,"valueName":"search_term_string"}}],"inLanguage":"fr-FR"},{"@type":"Organization","@id":"https:\/\/dali.science\/#organization","name":"DALI","url":"https:\/\/dali.science\/","logo":{"@type":"ImageObject","inLanguage":"fr-FR","@id":"https:\/\/dali.science\/#\/schema\/logo\/image\/","url":"https:\/\/dali.science\/wp-content\/uploads\/2025\/05\/logo-avec-slogan.png","contentUrl":"https:\/\/dali.science\/wp-content\/uploads\/2025\/05\/logo-avec-slogan.png","width":1299,"height":475,"caption":"DALI"},"image":{"@id":"https:\/\/dali.science\/#\/schema\/logo\/image\/"},"sameAs":["https:\/\/www.linkedin.com\/company\/dali-science"]}]}},"_links":{"self":[{"href":"https:\/\/dali.science\/index.php\/wp-json\/wp\/v2\/pages\/122","targetHints":{"allow":["GET"]}}],"collection":[{"href":"https:\/\/dali.science\/index.php\/wp-json\/wp\/v2\/pages"}],"about":[{"href":"https:\/\/dali.science\/index.php\/wp-json\/wp\/v2\/types\/page"}],"author":[{"embeddable":true,"href":"https:\/\/dali.science\/index.php\/wp-json\/wp\/v2\/users\/1"}],"replies":[{"embeddable":true,"href":"https:\/\/dali.science\/index.php\/wp-json\/wp\/v2\/comments?post=122"}],"version-history":[{"count":1,"href":"https:\/\/dali.science\/index.php\/wp-json\/wp\/v2\/pages\/122\/revisions"}],"predecessor-version":[{"id":123,"href":"https:\/\/dali.science\/index.php\/wp-json\/wp\/v2\/pages\/122\/revisions\/123"}],"wp:attachment":[{"href":"https:\/\/dali.science\/index.php\/wp-json\/wp\/v2\/media?parent=122"}],"curies":[{"name":"wp","href":"https:\/\/api.w.org\/{rel}","templated":true}]}}