{"id":9,"date":"2024-11-03T11:39:57","date_gmt":"2024-11-03T10:39:57","guid":{"rendered":"http:\/\/www.dali.science\/?page_id=9"},"modified":"2026-01-01T18:09:59","modified_gmt":"2026-01-01T17:09:59","slug":"dali-accueil","status":"publish","type":"page","link":"https:\/\/dali.science\/","title":{"rendered":"Accueil"},"content":{"rendered":"\n<figure class=\"wp-block-gallery has-nested-images columns-default is-cropped wp-block-gallery-1 is-layout-flex wp-block-gallery-is-layout-flex\">\n<figure class=\"wp-block-image size-full\"><img loading=\"lazy\" decoding=\"async\" width=\"1950\" height=\"400\" data-id=\"272\" src=\"https:\/\/dali.science\/wp-content\/uploads\/2025\/11\/logo_entreprise_DALI-1.png\" alt=\"\" class=\"wp-image-272\" srcset=\"https:\/\/dali.science\/wp-content\/uploads\/2025\/11\/logo_entreprise_DALI-1.png 1950w, https:\/\/dali.science\/wp-content\/uploads\/2025\/11\/logo_entreprise_DALI-1-300x62.png 300w, https:\/\/dali.science\/wp-content\/uploads\/2025\/11\/logo_entreprise_DALI-1-1024x210.png 1024w, https:\/\/dali.science\/wp-content\/uploads\/2025\/11\/logo_entreprise_DALI-1-768x158.png 768w, https:\/\/dali.science\/wp-content\/uploads\/2025\/11\/logo_entreprise_DALI-1-1536x315.png 1536w\" sizes=\"auto, (max-width: 767px) 89vw, (max-width: 1000px) 54vw, (max-width: 1071px) 543px, 580px\" \/><\/figure>\n<\/figure>\n\n\n\n<h2 class=\"wp-block-heading\">\u201cMettre la science et les donn\u00e9es au service des d\u00e9cisions, dans la sant\u00e9 et les sciences de la vie\u201d<br><\/h2>\n\n\n\n<p>DALI est une entreprise ind\u00e9pendante r\u00e9unissant des experts en IA &amp; mod\u00e8les pr\u00e9dictifs, en mod\u00e9lisation de syst\u00e8mes complexes et en simulations num\u00e9riques.<\/p>\n\n\n\n<p><\/p>\n","protected":false},"excerpt":{"rendered":"<p>\u201cMettre la science et les donn\u00e9es au service des d\u00e9cisions, dans la sant\u00e9 et les sciences de la vie\u201d DALI est une entreprise ind\u00e9pendante r\u00e9unissant des experts en IA &amp; mod\u00e8les pr\u00e9dictifs, en mod\u00e9lisation de syst\u00e8mes complexes et en simulations num\u00e9riques.<\/p>\n","protected":false},"author":1,"featured_media":0,"parent":0,"menu_order":0,"comment_status":"closed","ping_status":"closed","template":"","meta":{"footnotes":""},"class_list":["post-9","page","type-page","status-publish","hentry"],"yoast_head":"<!-- This site is optimized with the Yoast SEO plugin v27.3 - https:\/\/yoast.com\/product\/yoast-seo-wordpress\/ -->\n<title>DALI - Transformer les donn\u00e9es en d\u00e9cisions \u00e9clair\u00e9es<\/title>\n<meta name=\"robots\" content=\"index, follow, max-snippet:-1, max-image-preview:large, max-video-preview:-1\" \/>\n<link rel=\"canonical\" href=\"https:\/\/dali.science\/\" \/>\n<meta property=\"og:locale\" content=\"fr_FR\" \/>\n<meta property=\"og:type\" content=\"article\" \/>\n<meta property=\"og:title\" content=\"DALI - Transformer les donn\u00e9es en d\u00e9cisions \u00e9clair\u00e9es\" \/>\n<meta property=\"og:description\" content=\"\u201cMettre la science et les donn\u00e9es au service des d\u00e9cisions, dans la sant\u00e9 et les sciences de la vie\u201d DALI est une entreprise ind\u00e9pendante r\u00e9unissant des experts en IA &amp; mod\u00e8les pr\u00e9dictifs, en mod\u00e9lisation de syst\u00e8mes complexes et en simulations num\u00e9riques.\" \/>\n<meta property=\"og:url\" content=\"https:\/\/dali.science\/\" \/>\n<meta property=\"article:modified_time\" content=\"2026-01-01T17:09:59+00:00\" \/>\n<meta property=\"og:image\" content=\"https:\/\/dali.science\/wp-content\/uploads\/2025\/11\/logo_entreprise_DALI-1.png\" \/>\n\t<meta property=\"og:image:width\" content=\"1950\" \/>\n\t<meta property=\"og:image:height\" content=\"400\" \/>\n\t<meta property=\"og:image:type\" content=\"image\/png\" \/>\n<meta name=\"twitter:card\" content=\"summary_large_image\" \/>\n<meta name=\"twitter:label1\" content=\"Dur\u00e9e de lecture estim\u00e9e\" \/>\n\t<meta name=\"twitter:data1\" content=\"1 minute\" \/>\n<script type=\"application\/ld+json\" class=\"yoast-schema-graph\">{\"@context\":\"https:\\\/\\\/schema.org\",\"@graph\":[{\"@type\":\"WebPage\",\"@id\":\"https:\\\/\\\/dali.science\\\/\",\"url\":\"https:\\\/\\\/dali.science\\\/\",\"name\":\"DALI - Transformer les donn\u00e9es en d\u00e9cisions \u00e9clair\u00e9es\",\"isPartOf\":{\"@id\":\"https:\\\/\\\/dali.science\\\/#website\"},\"primaryImageOfPage\":{\"@id\":\"https:\\\/\\\/dali.science\\\/#primaryimage\"},\"image\":{\"@id\":\"https:\\\/\\\/dali.science\\\/#primaryimage\"},\"thumbnailUrl\":\"https:\\\/\\\/dali.science\\\/wp-content\\\/uploads\\\/2025\\\/11\\\/logo_entreprise_DALI-1.png\",\"datePublished\":\"2024-11-03T10:39:57+00:00\",\"dateModified\":\"2026-01-01T17:09:59+00:00\",\"breadcrumb\":{\"@id\":\"https:\\\/\\\/dali.science\\\/#breadcrumb\"},\"inLanguage\":\"fr-FR\",\"potentialAction\":[{\"@type\":\"ReadAction\",\"target\":[\"https:\\\/\\\/dali.science\\\/\"]}]},{\"@type\":\"ImageObject\",\"inLanguage\":\"fr-FR\",\"@id\":\"https:\\\/\\\/dali.science\\\/#primaryimage\",\"url\":\"https:\\\/\\\/dali.science\\\/wp-content\\\/uploads\\\/2025\\\/11\\\/logo_entreprise_DALI-1.png\",\"contentUrl\":\"https:\\\/\\\/dali.science\\\/wp-content\\\/uploads\\\/2025\\\/11\\\/logo_entreprise_DALI-1.png\",\"width\":1950,\"height\":400},{\"@type\":\"BreadcrumbList\",\"@id\":\"https:\\\/\\\/dali.science\\\/#breadcrumb\",\"itemListElement\":[{\"@type\":\"ListItem\",\"position\":1,\"name\":\"Accueil\",\"item\":\"https:\\\/\\\/dali.science\\\/\"},{\"@type\":\"ListItem\",\"position\":2,\"name\":\"Accueil\"}]},{\"@type\":\"WebSite\",\"@id\":\"https:\\\/\\\/dali.science\\\/#website\",\"url\":\"https:\\\/\\\/dali.science\\\/\",\"name\":\"dali.science\",\"description\":\"Transformer les donn\u00e9es en d\u00e9cisions \u00e9clair\u00e9es\",\"publisher\":{\"@id\":\"https:\\\/\\\/dali.science\\\/#organization\"},\"potentialAction\":[{\"@type\":\"SearchAction\",\"target\":{\"@type\":\"EntryPoint\",\"urlTemplate\":\"https:\\\/\\\/dali.science\\\/?s={search_term_string}\"},\"query-input\":{\"@type\":\"PropertyValueSpecification\",\"valueRequired\":true,\"valueName\":\"search_term_string\"}}],\"inLanguage\":\"fr-FR\"},{\"@type\":\"Organization\",\"@id\":\"https:\\\/\\\/dali.science\\\/#organization\",\"name\":\"DALI\",\"url\":\"https:\\\/\\\/dali.science\\\/\",\"logo\":{\"@type\":\"ImageObject\",\"inLanguage\":\"fr-FR\",\"@id\":\"https:\\\/\\\/dali.science\\\/#\\\/schema\\\/logo\\\/image\\\/\",\"url\":\"https:\\\/\\\/dali.science\\\/wp-content\\\/uploads\\\/2025\\\/05\\\/logo-avec-slogan.png\",\"contentUrl\":\"https:\\\/\\\/dali.science\\\/wp-content\\\/uploads\\\/2025\\\/05\\\/logo-avec-slogan.png\",\"width\":1299,\"height\":475,\"caption\":\"DALI\"},\"image\":{\"@id\":\"https:\\\/\\\/dali.science\\\/#\\\/schema\\\/logo\\\/image\\\/\"},\"sameAs\":[\"https:\\\/\\\/www.linkedin.com\\\/company\\\/dali-science\"]}]}<\/script>\n<!-- \/ Yoast SEO plugin. -->","yoast_head_json":{"title":"DALI - Transformer les donn\u00e9es en d\u00e9cisions \u00e9clair\u00e9es","robots":{"index":"index","follow":"follow","max-snippet":"max-snippet:-1","max-image-preview":"max-image-preview:large","max-video-preview":"max-video-preview:-1"},"canonical":"https:\/\/dali.science\/","og_locale":"fr_FR","og_type":"article","og_title":"DALI - Transformer les donn\u00e9es en d\u00e9cisions \u00e9clair\u00e9es","og_description":"\u201cMettre la science et les donn\u00e9es au service des d\u00e9cisions, dans la sant\u00e9 et les sciences de la vie\u201d DALI est une entreprise ind\u00e9pendante r\u00e9unissant des experts en IA &amp; mod\u00e8les pr\u00e9dictifs, en mod\u00e9lisation de syst\u00e8mes complexes et en simulations num\u00e9riques.","og_url":"https:\/\/dali.science\/","article_modified_time":"2026-01-01T17:09:59+00:00","og_image":[{"width":1950,"height":400,"url":"https:\/\/dali.science\/wp-content\/uploads\/2025\/11\/logo_entreprise_DALI-1.png","type":"image\/png"}],"twitter_card":"summary_large_image","twitter_misc":{"Dur\u00e9e de lecture estim\u00e9e":"1 minute"},"schema":{"@context":"https:\/\/schema.org","@graph":[{"@type":"WebPage","@id":"https:\/\/dali.science\/","url":"https:\/\/dali.science\/","name":"DALI - Transformer les donn\u00e9es en d\u00e9cisions \u00e9clair\u00e9es","isPartOf":{"@id":"https:\/\/dali.science\/#website"},"primaryImageOfPage":{"@id":"https:\/\/dali.science\/#primaryimage"},"image":{"@id":"https:\/\/dali.science\/#primaryimage"},"thumbnailUrl":"https:\/\/dali.science\/wp-content\/uploads\/2025\/11\/logo_entreprise_DALI-1.png","datePublished":"2024-11-03T10:39:57+00:00","dateModified":"2026-01-01T17:09:59+00:00","breadcrumb":{"@id":"https:\/\/dali.science\/#breadcrumb"},"inLanguage":"fr-FR","potentialAction":[{"@type":"ReadAction","target":["https:\/\/dali.science\/"]}]},{"@type":"ImageObject","inLanguage":"fr-FR","@id":"https:\/\/dali.science\/#primaryimage","url":"https:\/\/dali.science\/wp-content\/uploads\/2025\/11\/logo_entreprise_DALI-1.png","contentUrl":"https:\/\/dali.science\/wp-content\/uploads\/2025\/11\/logo_entreprise_DALI-1.png","width":1950,"height":400},{"@type":"BreadcrumbList","@id":"https:\/\/dali.science\/#breadcrumb","itemListElement":[{"@type":"ListItem","position":1,"name":"Accueil","item":"https:\/\/dali.science\/"},{"@type":"ListItem","position":2,"name":"Accueil"}]},{"@type":"WebSite","@id":"https:\/\/dali.science\/#website","url":"https:\/\/dali.science\/","name":"dali.science","description":"Transformer les donn\u00e9es en d\u00e9cisions \u00e9clair\u00e9es","publisher":{"@id":"https:\/\/dali.science\/#organization"},"potentialAction":[{"@type":"SearchAction","target":{"@type":"EntryPoint","urlTemplate":"https:\/\/dali.science\/?s={search_term_string}"},"query-input":{"@type":"PropertyValueSpecification","valueRequired":true,"valueName":"search_term_string"}}],"inLanguage":"fr-FR"},{"@type":"Organization","@id":"https:\/\/dali.science\/#organization","name":"DALI","url":"https:\/\/dali.science\/","logo":{"@type":"ImageObject","inLanguage":"fr-FR","@id":"https:\/\/dali.science\/#\/schema\/logo\/image\/","url":"https:\/\/dali.science\/wp-content\/uploads\/2025\/05\/logo-avec-slogan.png","contentUrl":"https:\/\/dali.science\/wp-content\/uploads\/2025\/05\/logo-avec-slogan.png","width":1299,"height":475,"caption":"DALI"},"image":{"@id":"https:\/\/dali.science\/#\/schema\/logo\/image\/"},"sameAs":["https:\/\/www.linkedin.com\/company\/dali-science"]}]}},"_links":{"self":[{"href":"https:\/\/dali.science\/index.php\/wp-json\/wp\/v2\/pages\/9","targetHints":{"allow":["GET"]}}],"collection":[{"href":"https:\/\/dali.science\/index.php\/wp-json\/wp\/v2\/pages"}],"about":[{"href":"https:\/\/dali.science\/index.php\/wp-json\/wp\/v2\/types\/page"}],"author":[{"embeddable":true,"href":"https:\/\/dali.science\/index.php\/wp-json\/wp\/v2\/users\/1"}],"replies":[{"embeddable":true,"href":"https:\/\/dali.science\/index.php\/wp-json\/wp\/v2\/comments?post=9"}],"version-history":[{"count":7,"href":"https:\/\/dali.science\/index.php\/wp-json\/wp\/v2\/pages\/9\/revisions"}],"predecessor-version":[{"id":273,"href":"https:\/\/dali.science\/index.php\/wp-json\/wp\/v2\/pages\/9\/revisions\/273"}],"wp:attachment":[{"href":"https:\/\/dali.science\/index.php\/wp-json\/wp\/v2\/media?parent=9"}],"curies":[{"name":"wp","href":"https:\/\/api.w.org\/{rel}","templated":true}]}}